{"id":18,"date":"2019-03-04T22:00:12","date_gmt":"2019-03-04T22:00:12","guid":{"rendered":"https:\/\/get-input.de\/?page_id=18"},"modified":"2019-03-06T16:29:57","modified_gmt":"2019-03-06T16:29:57","slug":"willkommen-bei-input-e-v","status":"publish","type":"page","link":"https:\/\/get-input.de\/","title":{"rendered":"Willkommen!"},"content":{"rendered":"\n<p> <strong><font color=\"#ef6b00\">\u25ba <\/font><\/strong> Input e.V. versteht sich als \u00fcberkonfessioneller, christlicher Dienst in der Region T\u00fcbingen \/ Reutlingen und dar\u00fcber hinaus in verschiedenen L\u00e4ndern &#8211; zur Zeit in Belarus, Kenia, Kongo, Ukraine und Sambia.<\/p>\n\n\n\n<p> <strong><font color=\"#ef6b00\">\u25ba <\/font><\/strong> \u00dcber Gemeinde- und Gruppengrenzen hinweg m\u00f6chten wir Menschen dienen, indem wir das Evangelium von Jesus Christus predigen und in Seminaren,  Konferenzen und Kurzbibelschulen \u201cInput\u201d zu verschiedenen \u201cGrundlagen  des Glaubens\u201c geben.<\/p>\n\n\n\n<p> <strong><font color=\"#ef6b00\">\u25ba <\/font><\/strong> Au\u00dferdem  unterst\u00fctzen wir andere christliche Dienste im Ausland oder f\u00fchren selbst Hilfsprojekte in enger Zusammenarbeit mit \u00f6rtlichen Gemeinden  oder christlichen Werken durch.<\/p>\n\n\n\n<ul class=\"wp-block-gallery aligncenter columns-2 is-cropped\"><li class=\"blocks-gallery-item\"><figure><img loading=\"lazy\" width=\"281\" height=\"595\" src=\"https:\/\/get-input.de\/wp-content\/uploads\/2019\/03\/input-Flyer-1-1.jpg\" alt=\"\" data-id=\"173\" class=\"wp-image-173\" srcset=\"https:\/\/get-input.de\/wp-content\/uploads\/2019\/03\/input-Flyer-1-1.jpg 281w, https:\/\/get-input.de\/wp-content\/uploads\/2019\/03\/input-Flyer-1-1-142x300.jpg 142w\" sizes=\"(max-width: 281px) 100vw, 281px\" \/><\/figure><\/li><li class=\"blocks-gallery-item\"><figure><img loading=\"lazy\" width=\"281\" height=\"581\" src=\"https:\/\/get-input.de\/wp-content\/uploads\/2019\/03\/input-Flyer-2-1.jpg\" alt=\"\" data-id=\"180\" data-link=\"https:\/\/get-input.de\/?attachment_id=180\" class=\"wp-image-180\" srcset=\"https:\/\/get-input.de\/wp-content\/uploads\/2019\/03\/input-Flyer-2-1.jpg 281w, https:\/\/get-input.de\/wp-content\/uploads\/2019\/03\/input-Flyer-2-1-145x300.jpg 145w\" sizes=\"(max-width: 281px) 100vw, 281px\" \/><\/figure><\/li><\/ul>\n\n\n\n<div class=\"wp-block-file\"><a href=\"https:\/\/get-input.de\/wp-content\/uploads\/2019\/03\/input-Flyer.pdf\">Input-Flyer<\/a><a href=\"https:\/\/get-input.de\/wp-content\/uploads\/2019\/03\/input-Flyer.pdf\" class=\"wp-block-file__button\" download>Herunterladen<\/a><\/div>\n","protected":false},"excerpt":{"rendered":"<p>\u25ba Input e.V. versteht sich als \u00fcberkonfessioneller, christlicher Dienst in der Region T\u00fcbingen \/ Reutlingen und dar\u00fcber hinaus in verschiedenen L\u00e4ndern &#8211; zur Zeit in Belarus, Kenia, Kongo, Ukraine und Sambia. \u25ba \u00dcber Gemeinde- und Gruppengrenzen hinweg m\u00f6chten wir Menschen dienen, indem wir das Evangelium von Jesus Christus predigen und in Seminaren, Konferenzen und Kurzbibelschulen &hellip; <\/p>\n<p class=\"link-more\"><a href=\"https:\/\/get-input.de\/\" class=\"more-link\"><span class=\"screen-reader-text\">\u201eWillkommen!\u201c<\/span> weiterlesen<\/a><\/p>\n","protected":false},"author":1,"featured_media":0,"parent":0,"menu_order":0,"comment_status":"closed","ping_status":"closed","template":"","meta":[],"_links":{"self":[{"href":"https:\/\/get-input.de\/index.php?rest_route=\/wp\/v2\/pages\/18"}],"collection":[{"href":"https:\/\/get-input.de\/index.php?rest_route=\/wp\/v2\/pages"}],"about":[{"href":"https:\/\/get-input.de\/index.php?rest_route=\/wp\/v2\/types\/page"}],"author":[{"embeddable":true,"href":"https:\/\/get-input.de\/index.php?rest_route=\/wp\/v2\/users\/1"}],"replies":[{"embeddable":true,"href":"https:\/\/get-input.de\/index.php?rest_route=%2Fwp%2Fv2%2Fcomments&post=18"}],"version-history":[{"count":15,"href":"https:\/\/get-input.de\/index.php?rest_route=\/wp\/v2\/pages\/18\/revisions"}],"predecessor-version":[{"id":226,"href":"https:\/\/get-input.de\/index.php?rest_route=\/wp\/v2\/pages\/18\/revisions\/226"}],"wp:attachment":[{"href":"https:\/\/get-input.de\/index.php?rest_route=%2Fwp%2Fv2%2Fmedia&parent=18"}],"curies":[{"name":"wp","href":"https:\/\/api.w.org\/{rel}","templated":true}]}}