{"id":183,"date":"2019-03-06T07:46:10","date_gmt":"2019-03-06T07:46:10","guid":{"rendered":"https:\/\/get-input.de\/?page_id=183"},"modified":"2019-03-06T07:46:48","modified_gmt":"2019-03-06T07:46:48","slug":"impressum","status":"publish","type":"page","link":"https:\/\/get-input.de\/?page_id=183","title":{"rendered":"Impressum"},"content":{"rendered":"\n<p><strong>Anbieterkennzeichnung (Impressum) und Haftungsausschluss<\/strong><\/p>\n\n\n\n<p>Gem\u00e4\u00df \u00a7 5 Telemediengesetz sind Sie wie folgt zu informieren:<br>  <\/p>\n\n\n\n<p>INPUT e.V.<br> Robert-Bosch-Str.48<br> 72810 Gomaringen<br> 07473-922772<br> info@get-input.de<br> www.get-input.de<\/p>\n\n\n\n<p>F\u00fcr Inhalt und Gestaltung dieser Seite ist verantwortlich: Input e.V.<\/p>\n\n\n\n<p><br> <br> <strong>Haftungsausschluss<\/strong><\/p>\n\n\n\n<p>Trotz sorgf\u00e4ltiger inhaltlicher Kontrolle kann keine Haftung f\u00fcr die \nInhalte externer Links \u00fcbernommen werden. F\u00fcr den Inhalt s\u00e4mtlicher \nverlinkter Seiten sind ausschlie\u00dflich die Betreiber der jeweiligen \nSeiten verantwortlich.<\/p>\n\n\n\n<p><strong>Diese Webseiten, die darauf verwendeten Inhalte, Texte und Bilder sind urheberrechtlich gesch\u00fctzt.<\/strong><\/p>\n","protected":false},"excerpt":{"rendered":"<p>Anbieterkennzeichnung (Impressum) und Haftungsausschluss Gem\u00e4\u00df \u00a7 5 Telemediengesetz sind Sie wie folgt zu informieren: INPUT e.V. Robert-Bosch-Str.48 72810 Gomaringen 07473-922772 info@get-input.de www.get-input.de F\u00fcr Inhalt und Gestaltung dieser Seite ist verantwortlich: Input e.V. Haftungsausschluss Trotz sorgf\u00e4ltiger inhaltlicher Kontrolle kann keine Haftung f\u00fcr die Inhalte externer Links \u00fcbernommen werden. F\u00fcr den Inhalt s\u00e4mtlicher verlinkter Seiten sind ausschlie\u00dflich &hellip; <\/p>\n<p class=\"link-more\"><a href=\"https:\/\/get-input.de\/?page_id=183\" class=\"more-link\"><span class=\"screen-reader-text\">\u201eImpressum\u201c<\/span> weiterlesen<\/a><\/p>\n","protected":false},"author":1,"featured_media":0,"parent":0,"menu_order":0,"comment_status":"closed","ping_status":"closed","template":"","meta":[],"_links":{"self":[{"href":"https:\/\/get-input.de\/index.php?rest_route=\/wp\/v2\/pages\/183"}],"collection":[{"href":"https:\/\/get-input.de\/index.php?rest_route=\/wp\/v2\/pages"}],"about":[{"href":"https:\/\/get-input.de\/index.php?rest_route=\/wp\/v2\/types\/page"}],"author":[{"embeddable":true,"href":"https:\/\/get-input.de\/index.php?rest_route=\/wp\/v2\/users\/1"}],"replies":[{"embeddable":true,"href":"https:\/\/get-input.de\/index.php?rest_route=%2Fwp%2Fv2%2Fcomments&post=183"}],"version-history":[{"count":2,"href":"https:\/\/get-input.de\/index.php?rest_route=\/wp\/v2\/pages\/183\/revisions"}],"predecessor-version":[{"id":186,"href":"https:\/\/get-input.de\/index.php?rest_route=\/wp\/v2\/pages\/183\/revisions\/186"}],"wp:attachment":[{"href":"https:\/\/get-input.de\/index.php?rest_route=%2Fwp%2Fv2%2Fmedia&parent=183"}],"curies":[{"name":"wp","href":"https:\/\/api.w.org\/{rel}","templated":true}]}}