{"id":198,"date":"2019-03-06T07:51:53","date_gmt":"2019-03-06T07:51:53","guid":{"rendered":"https:\/\/get-input.de\/?page_id=198"},"modified":"2022-07-24T20:17:47","modified_gmt":"2022-07-24T20:17:47","slug":"termine","status":"publish","type":"page","link":"https:\/\/get-input.de\/?page_id=198","title":{"rendered":"Gebet f\u00fcr Deutschland"},"content":{"rendered":"\n<figure class=\"wp-block-image\"><img loading=\"lazy\" width=\"652\" height=\"247\" src=\"https:\/\/get-input.de\/wp-content\/uploads\/2021\/01\/GfD-1.jpg\" alt=\"\" class=\"wp-image-314\" srcset=\"https:\/\/get-input.de\/wp-content\/uploads\/2021\/01\/GfD-1.jpg 652w, https:\/\/get-input.de\/wp-content\/uploads\/2021\/01\/GfD-1-300x114.jpg 300w\" sizes=\"(max-width: 652px) 100vw, 652px\" \/><\/figure>\n\n\n\n<p><\/p>\n\n\n\n<p><\/p>\n\n\n\n<p>Liebe Freunde. <\/p>\n\n\n\n<p> <\/p>\n\n\n\n<p><\/p>\n\n\n\n<p><\/p>\n\n\n\n<p><\/p>\n\n\n\n<p> <\/p>\n\n\n\n<p>Weitere Details zu den Gebetsveranstaltungen (Ort und Zeit) erhaltet ihr gerne per E-mail.<\/p>\n\n\n\n<p><\/p>\n\n\n\n<p>Die t\u00e4glichen Nachrichten in Deutschland und Europa sind dazu geeignet uns zu beunruhigen: Coronakirse, Klimakrise, Wirtschaftskrise, Fl\u00fcchtlingsstr\u00f6me, Gefahr von links und rechts, Krieg im Nahen Osten usw. &#8211; Wohin steuert unser Land? Wohin steuert Europa? Wohin steuert die Welt? Wir brauchen unbedingt mehr als menschliche Antworten, wir brauchen Gottes Perspektive. Danach m\u00f6chten wir ernsthaft suchen. <\/p>\n\n\n\n<p>Gott gibt seiner Gemeinde ein besonderes Mandat zum Gebet f\u00fcr das Land und besonders f\u00fcr die Regierung.  1.Tim 1,1 &#8222;Am  wichtigsten ist, dass die Gemeinde best\u00e4ndig im Gebet bleibt. &#8230; 2&nbsp;<strong>Betet  besonders f\u00fcr alle, die in Regierung und Staat Verantwortung tragen<\/strong>,  damit wir in Ruhe und Frieden leben k\u00f6nnen, ehrf\u00fcrchtig vor Gott und  aufrichtig unseren Mitmenschen gegen\u00fcber. &#8220; (HFA) Das wollen wir von ganzem Herzen tun.<\/p>\n\n\n\n<p><\/p>\n\n\n\n<p>Dabei wollen wir eins nicht vergessen: Gott sitzt auf dem Thron! Die Nationen sind vor ihm wie ein Tropfen Wasser im Eimer (Jes. 40,15). Er ist der Richter, er ersch\u00fcttert, was ersch\u00fcttert werden kann (Hebr. 12,27). Er ist Retter und Helfer und der H\u00f6rer des Gebets. Sein Wort bleibt bestehen und seine Pl\u00e4ne f\u00fchrt er aus. Zu ihm erheben wir unseren Blick und geben ihm die Ehre.<\/p>\n\n\n\n<p><strong>Du bist herzlich eingeladen dabei zu sein, gemeinsam mit Christen aus verschiedenen Gemeinden vor Gott zu stehen, ihn zu ehren, auf ihn zu h\u00f6ren und f\u00fcr unser Land zu beten.<\/strong><\/p>\n\n\n\n<div class=\"wp-block-file\"><a href=\"https:\/\/get-input.de\/wp-content\/uploads\/2019\/10\/Prophetie-Rust-2005.pdf\">Eine Prophetie zum Thema:<br>Prophetie-Rust-2005<\/a><a href=\"https:\/\/get-input.de\/wp-content\/uploads\/2019\/10\/Prophetie-Rust-2005.pdf\" class=\"wp-block-file__button\" download>Herunterladen<\/a><\/div>\n\n\n\n<figure><iframe loading=\"lazy\" src=\"https:\/\/www.youtube.com\/embed\/vDQsVzCrcyk\" allowfullscreen=\"\" width=\"560\" height=\"315\"><\/iframe><\/figure>\n\n\n\n<figure><iframe loading=\"lazy\" src=\"https:\/\/www.youtube.com\/embed\/Reeb8bQ9FEA\" allowfullscreen=\"\" width=\"560\" height=\"315\"><\/iframe><\/figure>\n\n\n\n<figure><iframe loading=\"lazy\" src=\"https:\/\/www.youtube.com\/embed\/EdurpCM6-oQ\" allowfullscreen=\"\" width=\"560\" height=\"315\"><\/iframe><\/figure>\n\n\n\n<figure><iframe loading=\"lazy\" src=\"https:\/\/www.youtube.com\/embed\/vL85OXd7J00\" allowfullscreen=\"\" width=\"560\" height=\"315\"><\/iframe><\/figure>\n\n\n\nMarkus Kettner &#8222;Die Braut macht sich bereit!&#8220;\n<figure><iframe loading=\"lazy\" src=\"https:\/\/online-predigt.de\/xt.php?app=onlinepredigt_player&amp;sub=embed&amp;fid=2&amp;tid=1853&amp;file=3932\" allowfullscreen=\"\" width=\"560\" height=\"162\"><\/iframe><\/figure>\n","protected":false},"excerpt":{"rendered":"<p>Liebe Freunde. Weitere Details zu den Gebetsveranstaltungen (Ort und Zeit) erhaltet ihr gerne per E-mail. Die t\u00e4glichen Nachrichten in Deutschland und Europa sind dazu geeignet uns zu beunruhigen: Coronakirse, Klimakrise, Wirtschaftskrise, Fl\u00fcchtlingsstr\u00f6me, Gefahr von links und rechts, Krieg im Nahen Osten usw. &#8211; Wohin steuert unser Land? Wohin steuert Europa? Wohin steuert die Welt? Wir &hellip; <\/p>\n<p class=\"link-more\"><a href=\"https:\/\/get-input.de\/?page_id=198\" class=\"more-link\"><span class=\"screen-reader-text\">\u201eGebet f\u00fcr Deutschland\u201c<\/span> weiterlesen<\/a><\/p>\n","protected":false},"author":1,"featured_media":0,"parent":0,"menu_order":0,"comment_status":"closed","ping_status":"closed","template":"","meta":[],"_links":{"self":[{"href":"https:\/\/get-input.de\/index.php?rest_route=\/wp\/v2\/pages\/198"}],"collection":[{"href":"https:\/\/get-input.de\/index.php?rest_route=\/wp\/v2\/pages"}],"about":[{"href":"https:\/\/get-input.de\/index.php?rest_route=\/wp\/v2\/types\/page"}],"author":[{"embeddable":true,"href":"https:\/\/get-input.de\/index.php?rest_route=\/wp\/v2\/users\/1"}],"replies":[{"embeddable":true,"href":"https:\/\/get-input.de\/index.php?rest_route=%2Fwp%2Fv2%2Fcomments&post=198"}],"version-history":[{"count":47,"href":"https:\/\/get-input.de\/index.php?rest_route=\/wp\/v2\/pages\/198\/revisions"}],"predecessor-version":[{"id":350,"href":"https:\/\/get-input.de\/index.php?rest_route=\/wp\/v2\/pages\/198\/revisions\/350"}],"wp:attachment":[{"href":"https:\/\/get-input.de\/index.php?rest_route=%2Fwp%2Fv2%2Fmedia&parent=198"}],"curies":[{"name":"wp","href":"https:\/\/api.w.org\/{rel}","templated":true}]}}