{"id":32,"date":"2019-03-04T22:27:52","date_gmt":"2019-03-04T22:27:52","guid":{"rendered":"https:\/\/get-input.de\/?page_id=32"},"modified":"2019-03-30T19:44:21","modified_gmt":"2019-03-30T19:44:21","slug":"belarus","status":"publish","type":"page","link":"https:\/\/get-input.de\/?page_id=32","title":{"rendered":"Belarus"},"content":{"rendered":"\n<p><strong>Minsk &#8211; Wei\u00dfru\u00dfland<\/strong><\/p>\n\n\n\n<figure class=\"wp-block-image\"><img loading=\"lazy\" width=\"1020\" height=\"574\" src=\"https:\/\/get-input.de\/wp-content\/uploads\/2019\/03\/20170213_105113-1.jpg\" alt=\"\" class=\"wp-image-255\" srcset=\"https:\/\/get-input.de\/wp-content\/uploads\/2019\/03\/20170213_105113-1.jpg 1020w, https:\/\/get-input.de\/wp-content\/uploads\/2019\/03\/20170213_105113-1-300x169.jpg 300w, https:\/\/get-input.de\/wp-content\/uploads\/2019\/03\/20170213_105113-1-768x432.jpg 768w\" sizes=\"(max-width: 767px) 89vw, (max-width: 1000px) 54vw, (max-width: 1071px) 543px, 580px\" \/><\/figure>\n\n\n\n<p> <strong><font color=\"#ef6b00\">Unsere Projekte in Minsk: Lebensmittelhilfe f\u00fcr Bed\u00fcrftigte, Unterst\u00fctzung der Alkohol-Reha, Unterricht auf der Nehemia-Bibelschule<\/font><\/strong><\/p>\n\n\n\n<p> <strong><font color=\"#ef6b00\">\u25ba <\/font><\/strong> Mit dem Zerfall der \nSowjetunion ist auch Wei\u00dfru\u00dfland selbst\u00e4ndig geworden. In den letzten \nJahren hat sich das \u00e4u\u00dfere Erscheinungsbild des Landes und insbesondere \nder Hauptstadt Minsk positiv ver\u00e4ndert. Auch wirtschaftlich gibt es \nFortschritte.<\/p>\n\n\n\n<p><strong><font color=\"#ef6b00\">\u25ba <\/font><\/strong> Aber bei genauem Hinsehen ist es doch nur eine relativ kleine Schicht, die davon profitiert. Die soziale Schere klafft weit auseinander und viele Menschen in Wei\u00dfru\u00dfland leben besonders in den D\u00f6rfern nach wie vor in sehr bescheidenen Verh\u00e4ltnissen. Besonders Kranke, Behinderte, Alte und sozial schwache Menschen leben oft am Existenzminimum. Die staatliche Unterst\u00fctzung ist sehr gering und manche k\u00e4mpfen im Winter regelrecht ums \u00dcberleben. Neuere Studien zeigen zudem, dass der Alkoholmissbrauch in Wei\u00dfru\u00dfland nach wie vor sehr hoch ist.<\/p>\n\n\n\n<figure class=\"wp-block-image\"><img loading=\"lazy\" width=\"709\" height=\"398\" src=\"https:\/\/get-input.de\/wp-content\/uploads\/2019\/03\/Minsk11.jpg\" alt=\"\" class=\"wp-image-42\" srcset=\"https:\/\/get-input.de\/wp-content\/uploads\/2019\/03\/Minsk11.jpg 709w, https:\/\/get-input.de\/wp-content\/uploads\/2019\/03\/Minsk11-300x168.jpg 300w\" sizes=\"(max-width: 709px) 100vw, 709px\" \/><\/figure>\n\n\n\n<p><strong>Partner vor Ort<\/strong><\/p>\n\n\n\n<p> <strong><font color=\"#ef6b00\">\u25ba <\/font><\/strong> Um hilfsbed\u00fcrftige Menschen effektiv unterst\u00fctzen zu k\u00f6nnen, ist vor allem eins wichtig:  zuverl\u00e4ssige Partner vor Ort. Schon seit einigen Jahren bestehen sehr  gute Kontakte von uns zu der christlichen <strong>Gemeinde &#8222;Christliche Hoffnung&#8220;<\/strong> in Minsk. Diese Gemeinde ist aus einer sozialmissionarischen Arbeit von  Svetlana und Igor Gorelik unter kriminellen Randgruppen entstanden. Seit im Jahr 2000 die ersten drogenabh\u00e4ngigen Mafiosi zum Glauben an Jesus gefunden haben, ist die Gemeinde best\u00e4ndig gewachsen und besteht heute aus ca. 150 erwachsenen Mitgliedern.  <\/p>\n\n\n\n<figure class=\"wp-block-image\"><img src=\"https:\/\/get-input.de\/wp-content\/uploads\/2019\/03\/IGO_9933-1024x623.jpg\" alt=\"\" class=\"wp-image-244\"\/><\/figure>\n\n\n\n<p> <strong><font color=\"#ef6b00\">\u25ba <\/font><\/strong> Durch ihre Arbeit unter Kriminellen, Drogen-, Alkoholabh\u00e4ngigen und hilfsbed\u00fcrftigen Menschen aller Art hat sich diese Gemeinde auch die Gunst der \u00f6rtlichen Beh\u00f6rden erworben. Das kommt wiederum unserer Initiative zugute: durch unsere enge Verbindung zu der Gemeinde &#8222;Christliche Hoffnung&#8220; war es uns in denvergangenen Jahrenm\u00f6glich direkt mit einem minsker Sozialamt und einem Invalidenverein zusammenzuarbeiten. <\/p>\n\n\n\n<figure class=\"wp-block-image\"><img loading=\"lazy\" width=\"709\" height=\"398\" src=\"https:\/\/get-input.de\/wp-content\/uploads\/2019\/03\/Minsk9.jpg\" alt=\"\" class=\"wp-image-63\" srcset=\"https:\/\/get-input.de\/wp-content\/uploads\/2019\/03\/Minsk9.jpg 709w, https:\/\/get-input.de\/wp-content\/uploads\/2019\/03\/Minsk9-300x168.jpg 300w\" sizes=\"(max-width: 709px) 100vw, 709px\" \/><\/figure>\n\n\n\n<p><strong>Hilfe f\u00fcr Bed\u00fcrftige<\/strong><\/p>\n\n\n\n<p><strong><font color=\"#ef6b00\">\u25ba <\/font><\/strong> Hilfe f\u00fcr Bed\u00fcrftige Unser Hilfskonzept ist dabei sehr einfach: in Deutschland gesammelte Spenden werden pers\u00f6nlich von einem kleinen Team nach Wei\u00dfru\u00dfland gebracht. Dort kaufen wir g\u00fcnstig gr\u00f6\u00dfere Mengen an Lebensmitteln ein (vor allem Mehl, Reis, Nudeln, Buchweizen, \u00d6l, Konserven, Zucker usw) und verpacken sie in mehrere hundert gleiche kleinere Einheiten. Von dem Sozialamt bzw. dem Invalidenverein erhalten wir Adressen von besonders Bed\u00fcrftigen Menschen in Minsk und Umgebung. Diese Menschen werden dann pers\u00f6nlich besucht, um ihnen die Lebensmittel zu \u00fcberbringen. Das Team aus Deutschland versteht sich dabei mehr als Initiator &#8211; der gro\u00dfe Teil der eigentlichen Arbeit vor Ort, wird von den Mitgliedern der Gemeinde &#8222;Christliche Hoffnung&#8220; getan. Auf diese Weise konnten wir in den vergangenen Jahren schon mehrere 1000 Personen \/ Haushalte mit Lebensmitteln unterst\u00fctzen.<\/p>\n\n\n\n<figure class=\"wp-block-image\"><img loading=\"lazy\" width=\"709\" height=\"398\" src=\"https:\/\/get-input.de\/wp-content\/uploads\/2019\/03\/belarus9.jpg\" alt=\"\" class=\"wp-image-64\" srcset=\"https:\/\/get-input.de\/wp-content\/uploads\/2019\/03\/belarus9.jpg 709w, https:\/\/get-input.de\/wp-content\/uploads\/2019\/03\/belarus9-300x168.jpg 300w\" sizes=\"(max-width: 709px) 100vw, 709px\" \/><\/figure>\n\n\n\n<figure class=\"wp-block-image\"><img loading=\"lazy\" width=\"709\" height=\"398\" src=\"https:\/\/get-input.de\/wp-content\/uploads\/2019\/03\/Minsk4.jpg\" alt=\"\" class=\"wp-image-70\" srcset=\"https:\/\/get-input.de\/wp-content\/uploads\/2019\/03\/Minsk4.jpg 709w, https:\/\/get-input.de\/wp-content\/uploads\/2019\/03\/Minsk4-300x168.jpg 300w\" sizes=\"(max-width: 709px) 100vw, 709px\" \/><\/figure>\n\n\n\n<figure class=\"wp-block-image\"><img loading=\"lazy\" width=\"709\" height=\"398\" src=\"https:\/\/get-input.de\/wp-content\/uploads\/2019\/03\/Minsk2.jpg\" alt=\"\" class=\"wp-image-73\" srcset=\"https:\/\/get-input.de\/wp-content\/uploads\/2019\/03\/Minsk2.jpg 709w, https:\/\/get-input.de\/wp-content\/uploads\/2019\/03\/Minsk2-300x168.jpg 300w\" sizes=\"(max-width: 709px) 100vw, 709px\" \/><\/figure>\n\n\n\n<p><strong>&#8230; und noch ein anderer Zweck<\/strong><\/p>\n\n\n\n<p><strong><font color=\"#ef6b00\">\u25ba <\/font><\/strong> Unsere \nHilfsaktion erf\u00fcllt aber noch einen anderen Zweck. Neben der Tatsache, \ndass konkrete materielle Not gelindert wird, k\u00f6nnen wir so auch Menschen\n mit dem Evangelium erreichen und f\u00fcr sie beten. Die Zust\u00e4nde, die wir \nin manchen H\u00e4usern antreffen, sind erschreckend. Viele Menschen sind von\n Armut, Not und Alkoholmi\u00dfbrauch gezeichnet. Unsere materielle Hilfe und\n unsere menschliche Zuwendung ist f\u00fcr Sie wie ein Hoffnungsschimmer der \nLiebe Gottes.\n\n<\/p>\n\n\n\n<figure class=\"wp-block-image\"><img loading=\"lazy\" width=\"709\" height=\"398\" src=\"https:\/\/get-input.de\/wp-content\/uploads\/2019\/03\/belarus4.jpg\" alt=\"\" class=\"wp-image-65\" srcset=\"https:\/\/get-input.de\/wp-content\/uploads\/2019\/03\/belarus4.jpg 709w, https:\/\/get-input.de\/wp-content\/uploads\/2019\/03\/belarus4-300x168.jpg 300w\" sizes=\"(max-width: 709px) 100vw, 709px\" \/><\/figure>\n\n\n\n<p><strong>Alkoholreha<\/strong><\/p>\n\n\n\n<p><strong><font color=\"#ef6b00\">\u25ba <\/font><\/strong>  Schon seit vielen Jahren unterst\u00fctzen wir auch die Alkoholreha der  Gemeinde &#8222;Christliche Hoffnung&#8220;, sowohl finanziell als auch mit  pers\u00f6nlichen Besuchen. Durch dieses Arbeit sind in den vergangenen  Jahren unz\u00e4hlige Menschen aus schlimmsten Verh\u00e4ltnissen herausgekommen,  haben die Liebe Gottes erfahren, sind vom Alkohol durch Gottes Kraft  freigeworden und haben ein neues Leben durch Jesus Christus bekommen.  Unz\u00e4hlige haben anschlie\u00dfend geheiratet und eine Familie gegr\u00fcndet,  einige sind mitlerweile als Pastoren im geistlichen Dienst. Diese Arbeit  ist wirklich eine Quelle der Hoffnung f\u00fcr Menschen, die in tiefer  Finsternis sind. Sie verdient unsere Unterst\u00fctzung. <\/p>\n\n\n\n<ul class=\"wp-block-gallery columns-1 is-cropped\"><li class=\"blocks-gallery-item\"><figure><img loading=\"lazy\" width=\"709\" height=\"398\" src=\"https:\/\/get-input.de\/wp-content\/uploads\/2019\/03\/belarus1.jpg\" alt=\"\" data-id=\"66\" data-link=\"https:\/\/get-input.de\/?attachment_id=66\" class=\"wp-image-66\" srcset=\"https:\/\/get-input.de\/wp-content\/uploads\/2019\/03\/belarus1.jpg 709w, https:\/\/get-input.de\/wp-content\/uploads\/2019\/03\/belarus1-300x168.jpg 300w\" sizes=\"(max-width: 709px) 100vw, 709px\" \/><\/figure><\/li><\/ul>\n\n\n\n<figure class=\"wp-block-image\"><img loading=\"lazy\" width=\"1024\" height=\"769\" src=\"https:\/\/get-input.de\/wp-content\/uploads\/2019\/03\/IMG_0681-e1551818994640-1024x769.jpg\" alt=\"\" class=\"wp-image-82\"\/><\/figure>\n\n\n\n<ul class=\"wp-block-gallery columns-2 is-cropped\"><li class=\"blocks-gallery-item\"><figure><img loading=\"lazy\" width=\"709\" height=\"532\" src=\"https:\/\/get-input.de\/wp-content\/uploads\/2019\/03\/minsk4-1.jpg\" alt=\"\" data-id=\"207\" data-link=\"https:\/\/get-input.de\/?attachment_id=207\" class=\"wp-image-207\" srcset=\"https:\/\/get-input.de\/wp-content\/uploads\/2019\/03\/minsk4-1.jpg 709w, https:\/\/get-input.de\/wp-content\/uploads\/2019\/03\/minsk4-1-300x225.jpg 300w\" sizes=\"(max-width: 709px) 100vw, 709px\" \/><\/figure><\/li><li class=\"blocks-gallery-item\"><figure><img loading=\"lazy\" width=\"567\" height=\"425\" src=\"https:\/\/get-input.de\/wp-content\/uploads\/2019\/03\/Minsk8-1.jpg\" alt=\"\" data-id=\"208\" data-link=\"https:\/\/get-input.de\/?attachment_id=208\" class=\"wp-image-208\" srcset=\"https:\/\/get-input.de\/wp-content\/uploads\/2019\/03\/Minsk8-1.jpg 567w, https:\/\/get-input.de\/wp-content\/uploads\/2019\/03\/Minsk8-1-300x225.jpg 300w\" sizes=\"(max-width: 567px) 100vw, 567px\" \/><\/figure><\/li><\/ul>\n\n\n\n<figure class=\"wp-block-image\"><img loading=\"lazy\" width=\"1020\" height=\"574\" src=\"https:\/\/get-input.de\/wp-content\/uploads\/2019\/03\/20170215_142539.jpg\" alt=\"\" class=\"wp-image-248\" srcset=\"https:\/\/get-input.de\/wp-content\/uploads\/2019\/03\/20170215_142539.jpg 1020w, https:\/\/get-input.de\/wp-content\/uploads\/2019\/03\/20170215_142539-300x169.jpg 300w, https:\/\/get-input.de\/wp-content\/uploads\/2019\/03\/20170215_142539-768x432.jpg 768w\" sizes=\"(max-width: 767px) 89vw, (max-width: 1000px) 54vw, (max-width: 1071px) 543px, 580px\" \/><\/figure>\n","protected":false},"excerpt":{"rendered":"<p>Minsk &#8211; Wei\u00dfru\u00dfland Unsere Projekte in Minsk: Lebensmittelhilfe f\u00fcr Bed\u00fcrftigte, Unterst\u00fctzung der Alkohol-Reha, Unterricht auf der Nehemia-Bibelschule \u25ba Mit dem Zerfall der Sowjetunion ist auch Wei\u00dfru\u00dfland selbst\u00e4ndig geworden. In den letzten Jahren hat sich das \u00e4u\u00dfere Erscheinungsbild des Landes und insbesondere der Hauptstadt Minsk positiv ver\u00e4ndert. Auch wirtschaftlich gibt es Fortschritte. \u25ba Aber bei genauem &hellip; <\/p>\n<p class=\"link-more\"><a href=\"https:\/\/get-input.de\/?page_id=32\" class=\"more-link\"><span class=\"screen-reader-text\">\u201eBelarus\u201c<\/span> weiterlesen<\/a><\/p>\n","protected":false},"author":1,"featured_media":0,"parent":0,"menu_order":0,"comment_status":"closed","ping_status":"closed","template":"","meta":[],"_links":{"self":[{"href":"https:\/\/get-input.de\/index.php?rest_route=\/wp\/v2\/pages\/32"}],"collection":[{"href":"https:\/\/get-input.de\/index.php?rest_route=\/wp\/v2\/pages"}],"about":[{"href":"https:\/\/get-input.de\/index.php?rest_route=\/wp\/v2\/types\/page"}],"author":[{"embeddable":true,"href":"https:\/\/get-input.de\/index.php?rest_route=\/wp\/v2\/users\/1"}],"replies":[{"embeddable":true,"href":"https:\/\/get-input.de\/index.php?rest_route=%2Fwp%2Fv2%2Fcomments&post=32"}],"version-history":[{"count":28,"href":"https:\/\/get-input.de\/index.php?rest_route=\/wp\/v2\/pages\/32\/revisions"}],"predecessor-version":[{"id":258,"href":"https:\/\/get-input.de\/index.php?rest_route=\/wp\/v2\/pages\/32\/revisions\/258"}],"wp:attachment":[{"href":"https:\/\/get-input.de\/index.php?rest_route=%2Fwp%2Fv2%2Fmedia&parent=32"}],"curies":[{"name":"wp","href":"https:\/\/api.w.org\/{rel}","templated":true}]}}